{"id":1342,"date":"2025-04-22T09:15:52","date_gmt":"2025-04-22T07:15:52","guid":{"rendered":"https:\/\/xn--cd-gebudetechnik-0nb.de\/page\/?page_id=1342"},"modified":"2025-06-06T11:11:45","modified_gmt":"2025-06-06T09:11:45","slug":"impressum","status":"publish","type":"page","link":"https:\/\/xn--cd-gebudetechnik-0nb.de\/page\/impressum\/","title":{"rendered":"Impressum"},"content":{"rendered":"\n<p>Impressum<\/p>\n\n\n\n<p><strong>Angaben gem\u00e4\u00df \u00a7 5 TMG:<\/strong><\/p>\n\n\n\n<p><strong>Gesch\u00e4ftsf\u00fchrung:<\/strong><\/p>\n\n\n\n<p>Christoph Dwucet<br>CD Geb\u00e4udetechnik<br>Lilienthalstra\u00dfe 14<br>33689 Bielefeld<\/p>\n\n\n\n<p><strong>Kontakt:<\/strong><\/p>\n\n\n\n<p>Telefon: 05205-9059176<br>E-Mail: <a href=\"mailto:dwucet@xn--cd-gebudetechnik-0nb.de\">dwucet@cd-geb\u00e4udetechnik.de<\/a><\/p>\n\n\n\n<p><strong>Registereintrag:<\/strong><\/p>\n\n\n\n<p>Eintragung im Handelsregister.<br>Registergericht: Handelsregister Bielefeld<br>Registernummer: 305 5047 2999<\/p>\n\n\n\n<p><strong>Umsatzsteuer:<\/strong><\/p>\n\n\n\n<p>Umsatzsteuer-Identifikationsnummer gem\u00e4\u00df<br>\u00a727 a Umsatzsteuergesetz:<br>DE 2709373282<\/p>\n\n\n\n<p><strong>Berufsbezeichung und berufsrechtliche Regelungen<\/strong><\/p>\n\n\n\n<p>Berufsbezeichnung: Handwerksmeister im Elektroinstallateur-Handwerk<br>Zust\u00e4ndige Kammer: Handwerkskammer Ostwestfalen-Lippe<br>Verliehen durch: Deutschland<br>Es gelten folgende berufsrechtliche Regelungen: Handwerksordnung<br>Regelungen einsehbar unter:&nbsp;<a href=\"https:\/\/www.gesetze-im-internet.de\/hwo\/index.html\" target=\"_blank\" rel=\"noreferrer noopener\">https:\/\/www.gesetzeim-internet.de\/hwo\/index.html<\/a><\/p>\n\n\n\n<p><strong>Angaben zur Berufshaftpflichtversicherung<\/strong><\/p>\n\n\n\n<p>Name und Sitz des Versicherers:<\/p>\n\n\n\n<p>Lippische LandesBrandversicherungsanstalt<\/p>\n\n\n\n<p>Simon-August-Stra\u00dfe 2,<br>32756 Detmold<\/p>\n\n\n\n<p>Telefon: (05231) 990-0<br>Telefax: (05231) 990-990<br>E-Mail: service@lippische.de<\/p>\n\n\n\n<p>Geltungsraum der Versicherung: Deutschland<\/p>\n\n\n\n<p><strong>Streitschlichtung<\/strong><\/p>\n\n\n\n<p>Die Europ\u00e4ische Kommission stellt eine Plattform zur Online-Streitbeilegung (OS) bereit:&nbsp;<a href=\"http:\/\/ec.europa.eu\/consumers\/odr\">http:\/\/ec.europa.eu\/consumers\/odr<\/a><br>Unsere E-MailAdresse finden Sie oben im Impressum.<\/p>\n\n\n\n<p>Wir sind nicht bereit oder verpflichtet, an Streitbeilegungsverfahren vor einer Verbraucherschlichtungsstelle teilzunehmen.<\/p>\n\n\n\n<p><strong>Haftung f\u00fcr Inhalte<\/strong><\/p>\n\n\n\n<p>Als Diensteanbieter sind wir gem\u00e4\u00df \u00a7 7 Abs.1 TMG f\u00fcr eigene Inhalte auf diesen Seiten nach den allgemeinen Gesetzen verantwortlich. Nach \u00a7\u00a7 8 bis 10 TMG sind wir als Diensteanbieter jedoch nicht verpflichtet, \u00fcbermittelte oder gespeicherte fremde Informationen zu \u00fcberwachen oder nach Umst\u00e4nden zu forschen, die auf eine rechtswidrige<br>T\u00e4tigkeit hinweisen.<\/p>\n\n\n\n<p>Verpflichtungen zur Entfernung oder Sperrung der Nutzung von Informationen nach den allgemeinen Gesetzen bleiben hiervon unber\u00fchrt. Eine diesbez\u00fcgliche Haftung ist jedoch erst ab dem Zeitpunkt der Kenntnis einer konkreten Rechtsverletzung m\u00f6glich.<br>Bei Bekanntwerden von entsprechenden Rechtsverletzungen werden wir diese Inhalte umgehend entfernen.<\/p>\n\n\n\n<p><strong>Haftung f\u00fcr Links<\/strong><\/p>\n\n\n\n<p>Unser Angebot enth\u00e4lt Links zu externen Webseiten Dritter, auf deren Inhalte wir keinen Einfluss haben. Deshalb k\u00f6nnen wir f\u00fcr diese fremden Inhalte auch keine Gew\u00e4hr \u00fcbernehmen. F\u00fcr die Inhalte der verlinkten Seiten ist stets der jeweilige Anbieter oder Betreiber der Seiten verantwortlich. Die verlinkten Seiten wurden zum Zeitpunkt der Verlinkung auf m\u00f6gliche Rechtsverst\u00f6\u00dfe \u00fcberpr\u00fcft. Rechtswidrige Inhalte waren zum Zeitpunkt der Verlinkung nicht erkennbar.<\/p>\n\n\n\n<p>Eine permanente inhaltliche Kontrolle der verlinkten Seiten ist jedoch ohne konkrete Anhaltspunkte einer Rechtsverletzung nicht zumutbar. Bei Bekanntwerden von Rechtsverletzungen werden wir derartige Links umgehend entfernen.<\/p>\n\n\n\n<p><strong>Urheberrecht<\/strong><\/p>\n\n\n\n<p>Die durch die Seitenbetreiber erstellten Inhalte und Werke auf diesen Seiten unterliegen dem deutschen Urheberrecht. Die Vervielf\u00e4ltigung, Bearbeitung, Verbreitung und jede Art der Verwertung au\u00dferhalb der Grenzen des Urheberrechtes bed\u00fcrfen der schriftlichen Zustimmung des jeweiligen Autors bzw. Erstellers. Downloads und Kopien dieser Seite sind nur f\u00fcr den privaten, nicht kommerziellen Gebrauch gestattet.<\/p>\n\n\n\n<p>Soweit die Inhalte auf dieser Seite nicht vom Betreiber erstellt wurden, werden die Urheberrechte Dritter beachtet. Insbesondere werden Inhalte Dritter als solche gekennzeichnet. Sollten Sie trotzdem auf eine Urheberrechtsverletzung aufmerksam werden, bitten wir um einen entsprechenden Hinweis. Bei Bekanntwerden von Rechtsverletzungen werden wir derartige Inhalte umgehend entfernen.<\/p>\n\n\n\n<p>Quelle:&nbsp;<a href=\"https:\/\/www.e-recht24.de\/\">eRecht24<\/a><\/p>\n","protected":false},"excerpt":{"rendered":"<p>Impressum Angaben gem\u00e4\u00df \u00a7 5 TMG: Gesch\u00e4ftsf\u00fchrung: Christoph DwucetCD Geb\u00e4udetechnikLilienthalstra\u00dfe 1433689 Bielefeld Kontakt: Telefon: 05205-9059176E-Mail: dwucet@cd-geb\u00e4udetechnik.de Registereintrag: Eintragung im Handelsregister.Registergericht: Handelsregister BielefeldRegisternummer: 305 5047 2999 Umsatzsteuer: Umsatzsteuer-Identifikationsnummer gem\u00e4\u00df\u00a727 a Umsatzsteuergesetz:DE 2709373282 Berufsbezeichung und berufsrechtliche Regelungen Berufsbezeichnung: Handwerksmeister im Elektroinstallateur-HandwerkZust\u00e4ndige Kammer: Handwerkskammer Ostwestfalen-LippeVerliehen durch: DeutschlandEs gelten folgende berufsrechtliche Regelungen: HandwerksordnungRegelungen einsehbar unter:&nbsp;https:\/\/www.gesetzeim-internet.de\/hwo\/index.html Angaben zur Berufshaftpflichtversicherung Name [&hellip;]<\/p>\n","protected":false},"author":1,"featured_media":0,"parent":0,"menu_order":6,"comment_status":"closed","ping_status":"closed","template":"","meta":{"site-sidebar-layout":"default","site-content-layout":"","ast-site-content-layout":"default","site-content-style":"default","site-sidebar-style":"default","ast-global-header-display":"","ast-banner-title-visibility":"","ast-main-header-display":"","ast-hfb-above-header-display":"","ast-hfb-below-header-display":"","ast-hfb-mobile-header-display":"","site-post-title":"","ast-breadcrumbs-content":"","ast-featured-img":"","footer-sml-layout":"","theme-transparent-header-meta":"","adv-header-id-meta":"","stick-header-meta":"","header-above-stick-meta":"","header-main-stick-meta":"","header-below-stick-meta":"","astra-migrate-meta-layouts":"set","ast-page-background-enabled":"default","ast-page-background-meta":{"desktop":{"background-color":"","background-image":"","background-repeat":"repeat","background-position":"center center","background-size":"auto","background-attachment":"scroll","background-type":"","background-media":"","overlay-type":"","overlay-color":"","overlay-opacity":"","overlay-gradient":""},"tablet":{"background-color":"","background-image":"","background-repeat":"repeat","background-position":"center center","background-size":"auto","background-attachment":"scroll","background-type":"","background-media":"","overlay-type":"","overlay-color":"","overlay-opacity":"","overlay-gradient":""},"mobile":{"background-color":"","background-image":"","background-repeat":"repeat","background-position":"center center","background-size":"auto","background-attachment":"scroll","background-type":"","background-media":"","overlay-type":"","overlay-color":"","overlay-opacity":"","overlay-gradient":""}},"ast-content-background-meta":{"desktop":{"background-color":"var(--ast-global-color-5)","background-image":"","background-repeat":"repeat","background-position":"center center","background-size":"auto","background-attachment":"scroll","background-type":"","background-media":"","overlay-type":"","overlay-color":"","overlay-opacity":"","overlay-gradient":""},"tablet":{"background-color":"var(--ast-global-color-5)","background-image":"","background-repeat":"repeat","background-position":"center center","background-size":"auto","background-attachment":"scroll","background-type":"","background-media":"","overlay-type":"","overlay-color":"","overlay-opacity":"","overlay-gradient":""},"mobile":{"background-color":"var(--ast-global-color-5)","background-image":"","background-repeat":"repeat","background-position":"center center","background-size":"auto","background-attachment":"scroll","background-type":"","background-media":"","overlay-type":"","overlay-color":"","overlay-opacity":"","overlay-gradient":""}},"footnotes":""},"class_list":["post-1342","page","type-page","status-publish","hentry"],"_links":{"self":[{"href":"https:\/\/xn--cd-gebudetechnik-0nb.de\/page\/wp-json\/wp\/v2\/pages\/1342","targetHints":{"allow":["GET"]}}],"collection":[{"href":"https:\/\/xn--cd-gebudetechnik-0nb.de\/page\/wp-json\/wp\/v2\/pages"}],"about":[{"href":"https:\/\/xn--cd-gebudetechnik-0nb.de\/page\/wp-json\/wp\/v2\/types\/page"}],"author":[{"embeddable":true,"href":"https:\/\/xn--cd-gebudetechnik-0nb.de\/page\/wp-json\/wp\/v2\/users\/1"}],"replies":[{"embeddable":true,"href":"https:\/\/xn--cd-gebudetechnik-0nb.de\/page\/wp-json\/wp\/v2\/comments?post=1342"}],"version-history":[{"count":2,"href":"https:\/\/xn--cd-gebudetechnik-0nb.de\/page\/wp-json\/wp\/v2\/pages\/1342\/revisions"}],"predecessor-version":[{"id":1449,"href":"https:\/\/xn--cd-gebudetechnik-0nb.de\/page\/wp-json\/wp\/v2\/pages\/1342\/revisions\/1449"}],"wp:attachment":[{"href":"https:\/\/xn--cd-gebudetechnik-0nb.de\/page\/wp-json\/wp\/v2\/media?parent=1342"}],"curies":[{"name":"wp","href":"https:\/\/api.w.org\/{rel}","templated":true}]}}